{"id":1467,"date":"2023-08-07T12:32:55","date_gmt":"2023-08-07T10:32:55","guid":{"rendered":"https:\/\/fatec.pycofa.fr\/our-history\/"},"modified":"2023-10-27T10:38:16","modified_gmt":"2023-10-27T08:38:16","slug":"our-history","status":"publish","type":"page","link":"https:\/\/fatec.fr\/en\/our-history\/","title":{"rendered":"Our History"},"content":{"rendered":"\t\t<div data-elementor-type=\"wp-page\" data-elementor-id=\"1467\" class=\"elementor elementor-1467 elementor-14\" data-elementor-post-type=\"page\">\n\t\t\t\t<div class=\"elementor-element elementor-element-6700772 e-con-full e-flex e-con e-parent\" data-id=\"6700772\" data-element_type=\"container\">\n\t\t<div class=\"elementor-element elementor-element-3cefa0f e-con-full e-flex e-con e-parent\" data-id=\"3cefa0f\" data-element_type=\"container\" data-settings=\"{&quot;background_background&quot;:&quot;classic&quot;}\">\n\t\t<div class=\"elementor-element elementor-element-31ab929 e-con-full e-flex e-con e-parent\" data-id=\"31ab929\" data-element_type=\"container\">\n\t\t\t\t<div class=\"elementor-element elementor-element-c4843f9 elementor-widget__width-initial elementor-widget elementor-widget-heading\" data-id=\"c4843f9\" data-element_type=\"widget\" data-widget_type=\"heading.default\">\n\t\t\t\t<div class=\"elementor-widget-container\">\n\t\t\t\t\t<h1 class=\"elementor-heading-title elementor-size-default\">FATEC: a family saga at \nthe cutting edge of lighting design<\/h1>\t\t\t\t<\/div>\n\t\t\t\t<\/div>\n\t\t\t\t<div class=\"elementor-element elementor-element-70e38d0 elementor-widget elementor-widget-text-editor\" data-id=\"70e38d0\" data-element_type=\"widget\" data-widget_type=\"text-editor.default\">\n\t\t\t\t<div class=\"elementor-widget-container\">\n\t\t\t\t\t\t\t\t\tFATEC, or Fayolle Technology, is rooted in a rich family history. Our family-owned company,\n<br>a leader in lighting design, is recognized for its expertise and innovation.\t\t\t\t\t\t\t\t<\/div>\n\t\t\t\t<\/div>\n\t\t\t\t<\/div>\n\t\t\t\t<\/div>\n\t\t<div class=\"elementor-element elementor-element-1db8392 e-flex e-con-boxed e-con e-parent\" data-id=\"1db8392\" data-element_type=\"container\" data-settings=\"{&quot;background_background&quot;:&quot;gradient&quot;}\">\n\t\t\t\t\t<div class=\"e-con-inner\">\n\t\t\t\t<div class=\"elementor-element elementor-element-b161861 elementor-widget elementor-widget-text-editor\" data-id=\"b161861\" data-element_type=\"widget\" data-widget_type=\"text-editor.default\">\n\t\t\t\t<div class=\"elementor-widget-container\">\n\t\t\t\t\t\t\t\t\t<p>A generational knowledge<\/p>\n\t\t\t\t\t\t\t\t<\/div>\n\t\t\t\t<\/div>\n\t\t\t\t\t<\/div>\n\t\t\t\t<\/div>\n\t\t<div class=\"elementor-element elementor-element-52869d0 e-con-full e-flex e-con e-parent\" data-id=\"52869d0\" data-element_type=\"container\">\n\t\t<div class=\"elementor-element elementor-element-7585872 e-con-full e-flex e-con e-parent\" data-id=\"7585872\" data-element_type=\"container\">\n\t\t\t\t<div class=\"elementor-element elementor-element-3b7c663 elementor-widget elementor-widget-heading\" data-id=\"3b7c663\" data-element_type=\"widget\" data-widget_type=\"heading.default\">\n\t\t\t\t<div class=\"elementor-widget-container\">\n\t\t\t\t\t<h2 class=\"elementor-heading-title elementor-size-default\">Over 40 years<\/h2>\t\t\t\t<\/div>\n\t\t\t\t<\/div>\n\t\t\t\t<div class=\"elementor-element elementor-element-578db03 elementor-widget elementor-widget-heading\" data-id=\"578db03\" data-element_type=\"widget\" data-widget_type=\"heading.default\">\n\t\t\t\t<div class=\"elementor-widget-container\">\n\t\t\t\t\t<h2 class=\"elementor-heading-title elementor-size-default\">of passion and innovation<\/h2>\t\t\t\t<\/div>\n\t\t\t\t<\/div>\n\t\t\t\t<div class=\"elementor-element elementor-element-5023d67 elementor-widget__width-initial elementor-widget elementor-widget-text-editor\" data-id=\"5023d67\" data-element_type=\"widget\" data-widget_type=\"text-editor.default\">\n\t\t\t\t<div class=\"elementor-widget-container\">\n\t\t\t\t\t\t\t\t\t<p>Founded in 1981 by M. Fayolle Sr., FATEC made its mark with a determination to develop innovative, automated technological solutions. Our first iconic product, VERSAL, revolutionized the paint industry. Designed for industrial cabins, the VERSAL combines two ingenious features. Automatic analysis of the shape of parts to be painted and transmission of information to the paint-spraying robot. Thanks to this automation, FATEC considerably reduces production costs, raw material losses and VOC emissions.<\/p>\n\t\t\t\t\t\t\t\t<\/div>\n\t\t\t\t<\/div>\n\t\t\t\t<\/div>\n\t\t\t\t<\/div>\n\t\t<div class=\"elementor-element elementor-element-604c05d e-flex e-con-boxed e-con e-parent\" data-id=\"604c05d\" data-element_type=\"container\" data-settings=\"{&quot;background_background&quot;:&quot;gradient&quot;}\">\n\t\t\t\t\t<div class=\"e-con-inner\">\n\t\t\t\t<div class=\"elementor-element elementor-element-3eb2633 elementor-widget elementor-widget-text-editor\" data-id=\"3eb2633\" data-element_type=\"widget\" data-widget_type=\"text-editor.default\">\n\t\t\t\t<div class=\"elementor-widget-container\">\n\t\t\t\t\t\t\t\t\t<p>FATEC at the heart of innovation<\/p>\n\t\t\t\t\t\t\t\t<\/div>\n\t\t\t\t<\/div>\n\t\t\t\t\t<\/div>\n\t\t\t\t<\/div>\n\t\t<div class=\"elementor-element elementor-element-0ac5904 e-con-full e-flex e-con e-parent\" data-id=\"0ac5904\" data-element_type=\"container\">\n\t\t<div class=\"elementor-element elementor-element-0610a28 e-con-full e-flex e-con e-parent\" data-id=\"0610a28\" data-element_type=\"container\">\n\t\t\t\t<div class=\"elementor-element elementor-element-0564701 elementor-widget elementor-widget-heading\" data-id=\"0564701\" data-element_type=\"widget\" data-widget_type=\"heading.default\">\n\t\t\t\t<div class=\"elementor-widget-container\">\n\t\t\t\t\t<h2 class=\"elementor-heading-title elementor-size-default\">FATEC: passing on knowledge<\/h2>\t\t\t\t<\/div>\n\t\t\t\t<\/div>\n\t\t\t\t<div class=\"elementor-element elementor-element-b2f2d36 elementor-widget elementor-widget-heading\" data-id=\"b2f2d36\" data-element_type=\"widget\" data-widget_type=\"heading.default\">\n\t\t\t\t<div class=\"elementor-widget-container\">\n\t\t\t\t\t<h2 class=\"elementor-heading-title elementor-size-default\">from father to son<\/h2>\t\t\t\t<\/div>\n\t\t\t\t<\/div>\n\t\t\t\t<div class=\"elementor-element elementor-element-478f03e elementor-widget__width-initial elementor-widget elementor-widget-text-editor\" data-id=\"478f03e\" data-element_type=\"widget\" data-widget_type=\"text-editor.default\">\n\t\t\t\t<div class=\"elementor-widget-container\">\n\t\t\t\t\t\t\t\t\t<p>After 6 years with the company, Mr. D. Fayolle took over the management of FATEC in 1995, continuing the family legacy.<\/p>\n\t\t\t\t\t\t\t\t<\/div>\n\t\t\t\t<\/div>\n\t\t\t\t<\/div>\n\t\t\t\t<\/div>\n\t\t<div class=\"elementor-element elementor-element-99b6500 e-con-full e-flex e-con e-parent\" data-id=\"99b6500\" data-element_type=\"container\">\n\t\t<div class=\"elementor-element elementor-element-9c17828 e-con-full e-flex e-con e-parent\" data-id=\"9c17828\" data-element_type=\"container\">\n\t\t<div class=\"elementor-element elementor-element-6435d07 e-con-full imgGrid imgGrid-1 e-flex e-con e-parent\" data-id=\"6435d07\" data-element_type=\"container\" data-settings=\"{&quot;background_background&quot;:&quot;classic&quot;}\">\n\t\t<div class=\"elementor-element elementor-element-dfc3c44 e-con-full e-flex e-con e-parent\" data-id=\"dfc3c44\" data-element_type=\"container\">\n\t\t\t\t<div class=\"elementor-element elementor-element-e35044b elementor-widget elementor-widget-heading\" data-id=\"e35044b\" data-element_type=\"widget\" data-widget_type=\"heading.default\">\n\t\t\t\t<div class=\"elementor-widget-container\">\n\t\t\t\t\t<h3 class=\"elementor-heading-title elementor-size-default\">From stage to backstage, FATEC lights up the world of entertainment<\/h3>\t\t\t\t<\/div>\n\t\t\t\t<\/div>\n\t\t\t\t<div class=\"elementor-element elementor-element-3fb7120 imgGrid-content imgGrid-content-1  elementor-widget elementor-widget-text-editor\" data-id=\"3fb7120\" data-element_type=\"widget\" data-widget_type=\"text-editor.default\">\n\t\t\t\t<div class=\"elementor-widget-container\">\n\t\t\t\t\t\t\t\t\t<p>With 4 years&#8217; experience as a DJ Jockey in one of Europe&#8217;s largest nightclubs, Mr. D. Fayolle brought his expertise in sound and light management to FATEC. Aware of the challenges of the entertainment world, he has developed technical solutions to facilitate stage management. In particular, he began designing products to automate and simplify animation and ambience management processes. This transition marks the beginning of &nbsp;light design&nbsp; within the company.<\/p>\n\t\t\t\t\t\t\t\t<\/div>\n\t\t\t\t<\/div>\n\t\t\t\t<\/div>\n\t\t\t\t<div class=\"elementor-element elementor-element-fe0ccbd imgGrid-icon elementor-view-default elementor-widget elementor-widget-icon\" data-id=\"fe0ccbd\" data-element_type=\"widget\" data-widget_type=\"icon.default\">\n\t\t\t\t<div class=\"elementor-widget-container\">\n\t\t\t\t\t\t\t<div class=\"elementor-icon-wrapper\">\n\t\t\t<div class=\"elementor-icon\">\n\t\t\t<svg xmlns=\"http:\/\/www.w3.org\/2000\/svg\" width=\"54\" height=\"54\" viewBox=\"0 0 54 54\"><defs><style>.a{fill:#fff;}.b{fill:none;stroke:#2b2b2b;stroke-linecap:round;stroke-linejoin:round;stroke-width:4px;fill-rule:evenodd;}<\/style><\/defs><g transform=\"translate(-856 -2201)\"><rect class=\"a\" width=\"54\" height=\"54\" rx=\"27\" transform=\"translate(856 2201)\"><\/rect><g transform=\"translate(894.78 2215.746) rotate(90)\"><path class=\"b\" d=\"M1,11.78H23.508M15.068,1l8.441,10.78L15.068,22.56\"><\/path><\/g><\/g><\/svg>\t\t\t<\/div>\n\t\t<\/div>\n\t\t\t\t\t\t<\/div>\n\t\t\t\t<\/div>\n\t\t\t\t<\/div>\n\t\t<div class=\"elementor-element elementor-element-584a4ae e-con-full imgGrid imgGrid-1 e-flex e-con e-parent\" data-id=\"584a4ae\" data-element_type=\"container\" data-settings=\"{&quot;background_background&quot;:&quot;classic&quot;}\">\n\t\t<div class=\"elementor-element elementor-element-2a37a6c e-con-full e-flex e-con e-parent\" data-id=\"2a37a6c\" data-element_type=\"container\">\n\t\t\t\t<div class=\"elementor-element elementor-element-e835a13 elementor-widget elementor-widget-heading\" data-id=\"e835a13\" data-element_type=\"widget\" data-widget_type=\"heading.default\">\n\t\t\t\t<div class=\"elementor-widget-container\">\n\t\t\t\t\t<h3 class=\"elementor-heading-title elementor-size-default\">FATEC's know-how at the service of the army and the police<\/h3>\t\t\t\t<\/div>\n\t\t\t\t<\/div>\n\t\t\t\t<div class=\"elementor-element elementor-element-0b41359 imgGrid-content imgGrid-content-1  elementor-widget elementor-widget-text-editor\" data-id=\"0b41359\" data-element_type=\"widget\" data-widget_type=\"text-editor.default\">\n\t\t\t\t<div class=\"elementor-widget-container\">\n\t\t\t\t\t\t\t\t\t<p>FATEC&#8217;s expertise in the automation of lighting effects, sound, smoke management and motion detection has found applications in other fields. In fact, our rigorous approach, acquired during the VERSAL period and in industrial processes, adds to our scriptwriting skills.&nbsp;<span style=\"font-family: var( --e-global-typography-ae17e3c-font-family ); font-size: var( --e-global-typography-ae17e3c-font-size ); font-weight: var( --e-global-typography-ae17e3c-font-weight ); letter-spacing: var( --e-global-typography-ae17e3c-letter-spacing ); word-spacing: var( --e-global-typography-ae17e3c-word-spacing ); text-align: var(--text-align);\">&nbsp;It is this particularity that enables us to place our technology at the service of the French armed forces and internal security forces.&nbsp;<\/span> <span style=\"font-family: var( --e-global-typography-ae17e3c-font-family ); font-size: var( --e-global-typography-ae17e3c-font-size ); font-weight: var( --e-global-typography-ae17e3c-font-weight ); letter-spacing: var( --e-global-typography-ae17e3c-letter-spacing ); word-spacing: var( --e-global-typography-ae17e3c-word-spacing ); text-align: var(--text-align);\">Today,&nbsp;<\/span> <span style=\"font-family: var( --e-global-typography-ae17e3c-font-family ); font-size: var( --e-global-typography-ae17e3c-font-size ); font-weight: var( --e-global-typography-ae17e3c-font-weight ); letter-spacing: var( --e-global-typography-ae17e3c-letter-spacing ); word-spacing: var( --e-global-typography-ae17e3c-word-spacing ); text-align: var(--text-align);\">our technology is used by numerous target groups in the French National Police, RAID, GIGN and Gendarmerie Nationale.<\/span><\/p>\n<p>Thanks to our mastery of the sound and lighting environment, and the creation of special effects, we were able to recreate lifelike combat scenarios for the French Army. These high-intensity scenarios are deployed at the Centre d&#8217;entra\u00eenement aux Actions en Zone Urbaine (CENZUB), the French Army&#8217;s main urban combat training center.<\/p>\t\t\t\t\t\t\t\t<\/div>\n\t\t\t\t<\/div>\n\t\t\t\t<\/div>\n\t\t\t\t<div class=\"elementor-element elementor-element-41b0d8b imgGrid-icon elementor-view-default elementor-widget elementor-widget-icon\" data-id=\"41b0d8b\" data-element_type=\"widget\" data-widget_type=\"icon.default\">\n\t\t\t\t<div class=\"elementor-widget-container\">\n\t\t\t\t\t\t\t<div class=\"elementor-icon-wrapper\">\n\t\t\t<div class=\"elementor-icon\">\n\t\t\t<svg xmlns=\"http:\/\/www.w3.org\/2000\/svg\" width=\"54\" height=\"54\" viewBox=\"0 0 54 54\"><defs><style>.a{fill:#fff;}.b{fill:none;stroke:#2b2b2b;stroke-linecap:round;stroke-linejoin:round;stroke-width:4px;fill-rule:evenodd;}<\/style><\/defs><g transform=\"translate(-856 -2201)\"><rect class=\"a\" width=\"54\" height=\"54\" rx=\"27\" transform=\"translate(856 2201)\"><\/rect><g transform=\"translate(894.78 2215.746) rotate(90)\"><path class=\"b\" d=\"M1,11.78H23.508M15.068,1l8.441,10.78L15.068,22.56\"><\/path><\/g><\/g><\/svg>\t\t\t<\/div>\n\t\t<\/div>\n\t\t\t\t\t\t<\/div>\n\t\t\t\t<\/div>\n\t\t\t\t<\/div>\n\t\t\t\t<\/div>\n\t\t\t\t<\/div>\n\t\t\t\t<\/div>\n\t\t\t\t<\/div>\n\t\t","protected":false},"excerpt":{"rendered":"<p>FATEC: a family saga at the cutting edge of lighting design FATEC, or Fayolle Technology, is rooted in a rich family history. Our family-owned company, a leader in lighting design, is recognized for its expertise and innovation. A generational knowledge Over 40 years of passion and innovation Founded in 1981 by M. Fayolle Sr., FATEC [&hellip;]<\/p>\n","protected":false},"author":2,"featured_media":0,"parent":0,"menu_order":0,"comment_status":"closed","ping_status":"closed","template":"","meta":{"_acf_changed":false,"footnotes":""},"class_list":["post-1467","page","type-page","status-publish","hentry"],"acf":[],"yoast_head":"<!-- This site is optimized with the Yoast SEO Premium plugin v24.0 (Yoast SEO v24.1) - https:\/\/yoast.com\/wordpress\/plugins\/seo\/ -->\n<title>FATEC: a family saga at the cutting edge of lighting design<\/title>\n<meta name=\"description\" content=\"FATEC is a family-run company, a leader in lighting design, recognized for its expertise and innovation.\" \/>\n<meta name=\"robots\" content=\"index, follow, max-snippet:-1, max-image-preview:large, max-video-preview:-1\" \/>\n<link rel=\"canonical\" href=\"https:\/\/fatec.fr\/en\/our-history\/\" \/>\n<meta property=\"og:locale\" content=\"en_US\" \/>\n<meta property=\"og:type\" content=\"article\" \/>\n<meta property=\"og:title\" content=\"Our History\" \/>\n<meta property=\"og:description\" content=\"FATEC is a family-run company, a leader in lighting design, recognized for its expertise and innovation.\" \/>\n<meta property=\"og:url\" content=\"https:\/\/fatec.fr\/en\/our-history\/\" \/>\n<meta property=\"og:site_name\" content=\"FATEC\" \/>\n<meta property=\"article:modified_time\" content=\"2023-10-27T08:38:16+00:00\" \/>\n<meta property=\"og:image\" content=\"https:\/\/fatec.fr\/wp-content\/uploads\/2023\/11\/logo.png\" \/>\n\t<meta property=\"og:image:width\" content=\"1200\" \/>\n\t<meta property=\"og:image:height\" content=\"675\" \/>\n\t<meta property=\"og:image:type\" content=\"image\/png\" \/>\n<meta name=\"twitter:card\" content=\"summary_large_image\" \/>\n<meta name=\"twitter:label1\" content=\"Est. reading time\" \/>\n\t<meta name=\"twitter:data1\" content=\"2 minutes\" \/>\n<script type=\"application\/ld+json\" class=\"yoast-schema-graph\">{\"@context\":\"https:\/\/schema.org\",\"@graph\":[{\"@type\":\"WebPage\",\"@id\":\"https:\/\/fatec.fr\/en\/our-history\/\",\"url\":\"https:\/\/fatec.fr\/en\/our-history\/\",\"name\":\"FATEC: a family saga at the cutting edge of lighting design\",\"isPartOf\":{\"@id\":\"https:\/\/fatec.fr\/en\/#website\"},\"datePublished\":\"2023-08-07T10:32:55+00:00\",\"dateModified\":\"2023-10-27T08:38:16+00:00\",\"description\":\"FATEC is a family-run company, a leader in lighting design, recognized for its expertise and innovation.\",\"breadcrumb\":{\"@id\":\"https:\/\/fatec.fr\/en\/our-history\/#breadcrumb\"},\"inLanguage\":\"en-US\",\"potentialAction\":[{\"@type\":\"ReadAction\",\"target\":[\"https:\/\/fatec.fr\/en\/our-history\/\"]}]},{\"@type\":\"BreadcrumbList\",\"@id\":\"https:\/\/fatec.fr\/en\/our-history\/#breadcrumb\",\"itemListElement\":[{\"@type\":\"ListItem\",\"position\":1,\"name\":\"Accueil\",\"item\":\"https:\/\/fatec.fr\/en\/\"},{\"@type\":\"ListItem\",\"position\":2,\"name\":\"Our History\"}]},{\"@type\":\"WebSite\",\"@id\":\"https:\/\/fatec.fr\/en\/#website\",\"url\":\"https:\/\/fatec.fr\/en\/\",\"name\":\"FATEC : Expert en conception lumi\u00e8re\",\"description\":\"L&#039;expertise et la qualit\u00e9 fran\u00e7aise en conception lumi\u00e8re\",\"publisher\":{\"@id\":\"https:\/\/fatec.fr\/en\/#organization\"},\"alternateName\":\"FATEC\",\"potentialAction\":[{\"@type\":\"SearchAction\",\"target\":{\"@type\":\"EntryPoint\",\"urlTemplate\":\"https:\/\/fatec.fr\/en\/?s={search_term_string}\"},\"query-input\":{\"@type\":\"PropertyValueSpecification\",\"valueRequired\":true,\"valueName\":\"search_term_string\"}}],\"inLanguage\":\"en-US\"},{\"@type\":\"Organization\",\"@id\":\"https:\/\/fatec.fr\/en\/#organization\",\"name\":\"FATEC : Expert en conception lumi\u00e8re\",\"url\":\"https:\/\/fatec.fr\/en\/\",\"logo\":{\"@type\":\"ImageObject\",\"inLanguage\":\"en-US\",\"@id\":\"https:\/\/fatec.fr\/en\/#\/schema\/logo\/image\/\",\"url\":\"https:\/\/fatec.fr\/wp-content\/uploads\/2023\/08\/logo-header.svg\",\"contentUrl\":\"https:\/\/fatec.fr\/wp-content\/uploads\/2023\/08\/logo-header.svg\",\"width\":180,\"height\":39,\"caption\":\"FATEC : Expert en conception lumi\u00e8re\"},\"image\":{\"@id\":\"https:\/\/fatec.fr\/en\/#\/schema\/logo\/image\/\"},\"sameAs\":[\"https:\/\/www.linkedin.com\/in\/fayolle-daniel-2a547440\/\"]}]}<\/script>\n<!-- \/ Yoast SEO Premium plugin. -->","yoast_head_json":{"title":"FATEC: a family saga at the cutting edge of lighting design","description":"FATEC is a family-run company, a leader in lighting design, recognized for its expertise and innovation.","robots":{"index":"index","follow":"follow","max-snippet":"max-snippet:-1","max-image-preview":"max-image-preview:large","max-video-preview":"max-video-preview:-1"},"canonical":"https:\/\/fatec.fr\/en\/our-history\/","og_locale":"en_US","og_type":"article","og_title":"Our History","og_description":"FATEC is a family-run company, a leader in lighting design, recognized for its expertise and innovation.","og_url":"https:\/\/fatec.fr\/en\/our-history\/","og_site_name":"FATEC","article_modified_time":"2023-10-27T08:38:16+00:00","og_image":[{"width":1200,"height":675,"url":"https:\/\/fatec.fr\/wp-content\/uploads\/2023\/11\/logo.png","type":"image\/png"}],"twitter_card":"summary_large_image","twitter_misc":{"Est. reading time":"2 minutes"},"schema":{"@context":"https:\/\/schema.org","@graph":[{"@type":"WebPage","@id":"https:\/\/fatec.fr\/en\/our-history\/","url":"https:\/\/fatec.fr\/en\/our-history\/","name":"FATEC: a family saga at the cutting edge of lighting design","isPartOf":{"@id":"https:\/\/fatec.fr\/en\/#website"},"datePublished":"2023-08-07T10:32:55+00:00","dateModified":"2023-10-27T08:38:16+00:00","description":"FATEC is a family-run company, a leader in lighting design, recognized for its expertise and innovation.","breadcrumb":{"@id":"https:\/\/fatec.fr\/en\/our-history\/#breadcrumb"},"inLanguage":"en-US","potentialAction":[{"@type":"ReadAction","target":["https:\/\/fatec.fr\/en\/our-history\/"]}]},{"@type":"BreadcrumbList","@id":"https:\/\/fatec.fr\/en\/our-history\/#breadcrumb","itemListElement":[{"@type":"ListItem","position":1,"name":"Accueil","item":"https:\/\/fatec.fr\/en\/"},{"@type":"ListItem","position":2,"name":"Our History"}]},{"@type":"WebSite","@id":"https:\/\/fatec.fr\/en\/#website","url":"https:\/\/fatec.fr\/en\/","name":"FATEC : Expert en conception lumi\u00e8re","description":"L&#039;expertise et la qualit\u00e9 fran\u00e7aise en conception lumi\u00e8re","publisher":{"@id":"https:\/\/fatec.fr\/en\/#organization"},"alternateName":"FATEC","potentialAction":[{"@type":"SearchAction","target":{"@type":"EntryPoint","urlTemplate":"https:\/\/fatec.fr\/en\/?s={search_term_string}"},"query-input":{"@type":"PropertyValueSpecification","valueRequired":true,"valueName":"search_term_string"}}],"inLanguage":"en-US"},{"@type":"Organization","@id":"https:\/\/fatec.fr\/en\/#organization","name":"FATEC : Expert en conception lumi\u00e8re","url":"https:\/\/fatec.fr\/en\/","logo":{"@type":"ImageObject","inLanguage":"en-US","@id":"https:\/\/fatec.fr\/en\/#\/schema\/logo\/image\/","url":"https:\/\/fatec.fr\/wp-content\/uploads\/2023\/08\/logo-header.svg","contentUrl":"https:\/\/fatec.fr\/wp-content\/uploads\/2023\/08\/logo-header.svg","width":180,"height":39,"caption":"FATEC : Expert en conception lumi\u00e8re"},"image":{"@id":"https:\/\/fatec.fr\/en\/#\/schema\/logo\/image\/"},"sameAs":["https:\/\/www.linkedin.com\/in\/fayolle-daniel-2a547440\/"]}]}},"_links":{"self":[{"href":"https:\/\/fatec.fr\/en\/wp-json\/wp\/v2\/pages\/1467","targetHints":{"allow":["GET"]}}],"collection":[{"href":"https:\/\/fatec.fr\/en\/wp-json\/wp\/v2\/pages"}],"about":[{"href":"https:\/\/fatec.fr\/en\/wp-json\/wp\/v2\/types\/page"}],"author":[{"embeddable":true,"href":"https:\/\/fatec.fr\/en\/wp-json\/wp\/v2\/users\/2"}],"replies":[{"embeddable":true,"href":"https:\/\/fatec.fr\/en\/wp-json\/wp\/v2\/comments?post=1467"}],"version-history":[{"count":19,"href":"https:\/\/fatec.fr\/en\/wp-json\/wp\/v2\/pages\/1467\/revisions"}],"predecessor-version":[{"id":2103,"href":"https:\/\/fatec.fr\/en\/wp-json\/wp\/v2\/pages\/1467\/revisions\/2103"}],"wp:attachment":[{"href":"https:\/\/fatec.fr\/en\/wp-json\/wp\/v2\/media?parent=1467"}],"curies":[{"name":"wp","href":"https:\/\/api.w.org\/{rel}","templated":true}]}}