{"id":1475,"date":"2023-08-07T14:38:09","date_gmt":"2023-08-07T12:38:09","guid":{"rendered":"https:\/\/fatec.pycofa.fr\/custom-automation\/"},"modified":"2024-01-02T15:39:10","modified_gmt":"2024-01-02T14:39:10","slug":"custom-automation","status":"publish","type":"page","link":"https:\/\/fatec.fr\/en\/custom-automation\/","title":{"rendered":"Custom automation"},"content":{"rendered":"\t\t<div data-elementor-type=\"wp-page\" data-elementor-id=\"1475\" class=\"elementor elementor-1475 elementor-85\" data-elementor-post-type=\"page\">\n\t\t\t\t<div class=\"elementor-element elementor-element-866562c e-con-full e-flex e-con e-parent\" data-id=\"866562c\" data-element_type=\"container\">\n\t\t<div class=\"elementor-element elementor-element-e133c18 e-con-full e-flex e-con e-parent\" data-id=\"e133c18\" data-element_type=\"container\" data-settings=\"{&quot;background_background&quot;:&quot;classic&quot;}\">\n\t\t<div class=\"elementor-element elementor-element-87bd684 e-con-full e-flex e-con e-parent\" data-id=\"87bd684\" data-element_type=\"container\">\n\t\t\t\t<div class=\"elementor-element elementor-element-3353f2a elementor-widget elementor-widget-heading\" data-id=\"3353f2a\" data-element_type=\"widget\" data-widget_type=\"heading.default\">\n\t\t\t\t<div class=\"elementor-widget-container\">\n\t\t\t\t\t<h1 class=\"elementor-heading-title elementor-size-default\">Custom \n<br> \nautomation<\/h1>\t\t\t\t<\/div>\n\t\t\t\t<\/div>\n\t\t\t\t<div class=\"elementor-element elementor-element-5bd349d elementor-widget elementor-widget-text-editor\" data-id=\"5bd349d\" data-element_type=\"widget\" data-widget_type=\"text-editor.default\">\n\t\t\t\t<div class=\"elementor-widget-container\">\n\t\t\t\t\t\t\t\t\t<p>Lighting design and custom automation aren&#8217;t limited to show stages. FATEC has established itself as an expert lighting designer and has developed unique expertise in custom automation, widely applicable in other sectors.<\/p>\n\t\t\t\t\t\t\t\t<\/div>\n\t\t\t\t<\/div>\n\t\t\t\t<\/div>\n\t\t\t\t<\/div>\n\t\t<div class=\"elementor-element elementor-element-46ba5d6 e-flex e-con-boxed e-con e-parent\" data-id=\"46ba5d6\" data-element_type=\"container\" data-settings=\"{&quot;background_background&quot;:&quot;gradient&quot;}\">\n\t\t\t\t\t<div class=\"e-con-inner\">\n\t\t\t\t<div class=\"elementor-element elementor-element-c475f85 elementor-widget elementor-widget-text-editor\" data-id=\"c475f85\" data-element_type=\"widget\" data-widget_type=\"text-editor.default\">\n\t\t\t\t<div class=\"elementor-widget-container\">\n\t\t\t\t\t\t\t\t\t<p>Automation, or how to open up the field of possibilities<\/p>\n\t\t\t\t\t\t\t\t<\/div>\n\t\t\t\t<\/div>\n\t\t\t\t\t<\/div>\n\t\t\t\t<\/div>\n\t\t<div class=\"elementor-element elementor-element-56202dd e-con-full e-flex e-con e-parent\" data-id=\"56202dd\" data-element_type=\"container\">\n\t\t<div class=\"elementor-element elementor-element-1a1b2d3 e-con-full e-flex e-con e-parent\" data-id=\"1a1b2d3\" data-element_type=\"container\">\n\t\t\t\t<div class=\"elementor-element elementor-element-c10a7b1 elementor-widget elementor-widget-heading\" data-id=\"c10a7b1\" data-element_type=\"widget\" data-widget_type=\"heading.default\">\n\t\t\t\t<div class=\"elementor-widget-container\">\n\t\t\t\t\t<h2 class=\"elementor-heading-title elementor-size-default\">Custom automation\n<\/h2>\t\t\t\t<\/div>\n\t\t\t\t<\/div>\n\t\t\t\t<div class=\"elementor-element elementor-element-8961c6a elementor-widget elementor-widget-heading\" data-id=\"8961c6a\" data-element_type=\"widget\" data-widget_type=\"heading.default\">\n\t\t\t\t<div class=\"elementor-widget-container\">\n\t\t\t\t\t<h2 class=\"elementor-heading-title elementor-size-default\">for French forces training<\/h2>\t\t\t\t<\/div>\n\t\t\t\t<\/div>\n\t\t\t\t<div class=\"elementor-element elementor-element-baad2be elementor-widget__width-initial elementor-widget elementor-widget-text-editor\" data-id=\"baad2be\" data-element_type=\"widget\" data-widget_type=\"text-editor.default\">\n\t\t\t\t<div class=\"elementor-widget-container\">\n\t\t\t\t\t\t\t\t\t<p>FATEC&#8217;s mastery of light management, sound and visual effects, and motion detection, is put to work for the French armed forces and internal security forces. With our expertise in custom automation, we offer interactive and immersive targeting solutions for training elite units such as the Gendarmerie Nationale, RAID, GIGN and the Police Nationale. <span style=\"color: var( --e-global-color-8b47fb6 ); font-family: var( --e-global-typography-aba824f-font-family ); font-size: var( --e-global-typography-aba824f-font-size ); font-weight: var( --e-global-typography-aba824f-font-weight ); letter-spacing: var( --e-global-typography-aba824f-letter-spacing ); word-spacing: var( --e-global-typography-aba824f-word-spacing ); text-align: var(--text-align);\">By automating sound effects, visual effects, lighting and motion detection, we create high-intensity scenarios. These high-intensity scenarios reproduce ultra-realistic combat scenarios. Moreover, our Z-shot E-lite solution allows us to program or control them live to create complex, interactive scenarios. These scenarios are set up and used for military training by the French armed forces at the Centre de combat en zone urbaine (CENZUB).<\/span><\/p>\n\t\t\t\t\t\t\t\t<\/div>\n\t\t\t\t<\/div>\n\t\t\t\t<div class=\"elementor-element elementor-element-de53a38 elementor-align-center elementor-widget elementor-widget-button\" data-id=\"de53a38\" data-element_type=\"widget\" data-widget_type=\"button.default\">\n\t\t\t\t<div class=\"elementor-widget-container\">\n\t\t\t\t\t\t\t\t\t<div class=\"elementor-button-wrapper\">\n\t\t\t\t\t<a class=\"elementor-button elementor-button-link elementor-size-sm\" href=\"https:\/\/z-shot.eu\/en\/\">\n\t\t\t\t\t\t<span class=\"elementor-button-content-wrapper\">\n\t\t\t\t\t\t\t\t\t<span class=\"elementor-button-text\">Discover the Z-shot website<\/span>\n\t\t\t\t\t<\/span>\n\t\t\t\t\t<\/a>\n\t\t\t\t<\/div>\n\t\t\t\t\t\t\t\t<\/div>\n\t\t\t\t<\/div>\n\t\t\t\t<\/div>\n\t\t\t\t<\/div>\n\t\t<div class=\"elementor-element elementor-element-0a24f47 e-flex e-con-boxed e-con e-parent\" data-id=\"0a24f47\" data-element_type=\"container\" data-settings=\"{&quot;background_background&quot;:&quot;gradient&quot;}\">\n\t\t\t\t\t<div class=\"e-con-inner\">\n\t\t\t\t<div class=\"elementor-element elementor-element-c1f473a elementor-widget elementor-widget-text-editor\" data-id=\"c1f473a\" data-element_type=\"widget\" data-widget_type=\"text-editor.default\">\n\t\t\t\t<div class=\"elementor-widget-container\">\n\t\t\t\t\t\t\t\t\t<p>Industrial automation on every scale<\/p>\n\t\t\t\t\t\t\t\t<\/div>\n\t\t\t\t<\/div>\n\t\t\t\t\t<\/div>\n\t\t\t\t<\/div>\n\t\t<div class=\"elementor-element elementor-element-f395516 e-con-full e-flex e-con e-parent\" data-id=\"f395516\" data-element_type=\"container\" data-settings=\"{&quot;background_background&quot;:&quot;classic&quot;}\">\n\t\t<div class=\"elementor-element elementor-element-083ab0f e-con-full e-flex e-con e-parent\" data-id=\"083ab0f\" data-element_type=\"container\">\n\t\t\t\t<div class=\"elementor-element elementor-element-259101b elementor-widget elementor-widget-heading\" data-id=\"259101b\" data-element_type=\"widget\" data-widget_type=\"heading.default\">\n\t\t\t\t<div class=\"elementor-widget-container\">\n\t\t\t\t\t<h2 class=\"elementor-heading-title elementor-size-default\">FATEC and custom automation\n<\/h2>\t\t\t\t<\/div>\n\t\t\t\t<\/div>\n\t\t\t\t<div class=\"elementor-element elementor-element-8b20334 elementor-widget elementor-widget-heading\" data-id=\"8b20334\" data-element_type=\"widget\" data-widget_type=\"heading.default\">\n\t\t\t\t<div class=\"elementor-widget-container\">\n\t\t\t\t\t<h2 class=\"elementor-heading-title elementor-size-default\">for industry<\/h2>\t\t\t\t<\/div>\n\t\t\t\t<\/div>\n\t\t\t\t<div class=\"elementor-element elementor-element-af9e080 elementor-widget__width-initial elementor-widget elementor-widget-text-editor\" data-id=\"af9e080\" data-element_type=\"widget\" data-widget_type=\"text-editor.default\">\n\t\t\t\t<div class=\"elementor-widget-container\">\n\t\t\t\t\t\t\t\t\t<p>Our custom automation solutions also find their way into industry. Thanks to our experience and know-how, we develop customized industrial solutions, capitalizing on our stage expertise and our mastery of different protocols. Whatever your needs or projects, we can make them a reality.<\/p>\n\t\t\t\t\t\t\t\t<\/div>\n\t\t\t\t<\/div>\n\t\t\t\t<\/div>\n\t\t\t\t<\/div>\n\t\t<div class=\"elementor-element elementor-element-a847a06 e-flex e-con-boxed e-con e-parent\" data-id=\"a847a06\" data-element_type=\"container\" data-settings=\"{&quot;background_background&quot;:&quot;gradient&quot;}\">\n\t\t\t\t\t<div class=\"e-con-inner\">\n\t\t\t\t<div class=\"elementor-element elementor-element-3a64557 elementor-widget elementor-widget-text-editor\" data-id=\"3a64557\" data-element_type=\"widget\" data-widget_type=\"text-editor.default\">\n\t\t\t\t<div class=\"elementor-widget-container\">\n\t\t\t\t\t\t\t\t\t<p>Customized automation at the heart of your project<\/p>\n\t\t\t\t\t\t\t\t<\/div>\n\t\t\t\t<\/div>\n\t\t\t\t\t<\/div>\n\t\t\t\t<\/div>\n\t\t<div class=\"elementor-element elementor-element-2470e2c e-con-full e-flex e-con e-parent\" data-id=\"2470e2c\" data-element_type=\"container\">\n\t\t<div class=\"elementor-element elementor-element-a93fdc2 e-con-full e-flex e-con e-parent\" data-id=\"a93fdc2\" data-element_type=\"container\">\n\t\t\t\t<div class=\"elementor-element elementor-element-cd11ac8 elementor-widget elementor-widget-heading\" data-id=\"cd11ac8\" data-element_type=\"widget\" data-widget_type=\"heading.default\">\n\t\t\t\t<div class=\"elementor-widget-container\">\n\t\t\t\t\t<h2 class=\"elementor-heading-title elementor-size-default\">Tailor-made solutions<\/h2>\t\t\t\t<\/div>\n\t\t\t\t<\/div>\n\t\t\t\t<div class=\"elementor-element elementor-element-d2fbd36 elementor-widget elementor-widget-heading\" data-id=\"d2fbd36\" data-element_type=\"widget\" data-widget_type=\"heading.default\">\n\t\t\t\t<div class=\"elementor-widget-container\">\n\t\t\t\t\t<h2 class=\"elementor-heading-title elementor-size-default\">for your projects<\/h2>\t\t\t\t<\/div>\n\t\t\t\t<\/div>\n\t\t\t\t<div class=\"elementor-element elementor-element-2c20846 elementor-widget__width-initial elementor-widget elementor-widget-text-editor\" data-id=\"2c20846\" data-element_type=\"widget\" data-widget_type=\"text-editor.default\">\n\t\t\t\t<div class=\"elementor-widget-container\">\n\t\t\t\t\t\t\t\t\t<p>FATEC&#8217;s expertise in custom automation and lighting design enables us to develop unique and original solutions tailored to your specific needs. Whatever the size or complexity of your project, we work closely with you to innovate and find the solution that&#8217;s just right for you. Whether you&#8217;re a company or any other establishment with a project requiring automation, FATEC is your ideal partner.<\/p>\n\t\t\t\t\t\t\t\t<\/div>\n\t\t\t\t<\/div>\n\t\t\t\t<\/div>\n\t\t\t\t<\/div>\n\t\t\t\t<\/div>\n\t\t\t\t<\/div>\n\t\t","protected":false},"excerpt":{"rendered":"<p>Custom automation Lighting design and custom automation aren&#8217;t limited to show stages. FATEC has established itself as an expert lighting designer and has developed unique expertise in custom automation, widely applicable in other sectors. Automation, or how to open up the field of possibilities Custom automation for French forces training FATEC&#8217;s mastery of light management, [&hellip;]<\/p>\n","protected":false},"author":2,"featured_media":0,"parent":0,"menu_order":0,"comment_status":"closed","ping_status":"closed","template":"","meta":{"_acf_changed":false,"footnotes":""},"class_list":["post-1475","page","type-page","status-publish","hentry"],"acf":[],"yoast_head":"<!-- This site is optimized with the Yoast SEO Premium plugin v24.0 (Yoast SEO v24.1) - https:\/\/yoast.com\/wordpress\/plugins\/seo\/ -->\n<title>Customized automation<\/title>\n<meta name=\"description\" content=\"FATEC has established itself as THE reference in custom automation, from light design to the most technical industrial solutions.\" \/>\n<meta name=\"robots\" content=\"index, follow, max-snippet:-1, max-image-preview:large, max-video-preview:-1\" \/>\n<link rel=\"canonical\" href=\"https:\/\/fatec.fr\/en\/custom-automation\/\" \/>\n<meta property=\"og:locale\" content=\"en_US\" \/>\n<meta property=\"og:type\" content=\"article\" \/>\n<meta property=\"og:title\" content=\"Custom automation\" \/>\n<meta property=\"og:description\" content=\"FATEC has established itself as THE reference in custom automation, from light design to the most technical industrial solutions.\" \/>\n<meta property=\"og:url\" content=\"https:\/\/fatec.fr\/en\/custom-automation\/\" \/>\n<meta property=\"og:site_name\" content=\"FATEC\" \/>\n<meta property=\"article:modified_time\" content=\"2024-01-02T14:39:10+00:00\" \/>\n<meta property=\"og:image\" content=\"https:\/\/fatec.fr\/wp-content\/uploads\/2023\/11\/logo.png\" \/>\n\t<meta property=\"og:image:width\" content=\"1200\" \/>\n\t<meta property=\"og:image:height\" content=\"675\" \/>\n\t<meta property=\"og:image:type\" content=\"image\/png\" \/>\n<meta name=\"twitter:card\" content=\"summary_large_image\" \/>\n<meta name=\"twitter:label1\" content=\"Est. reading time\" \/>\n\t<meta name=\"twitter:data1\" content=\"2 minutes\" \/>\n<script type=\"application\/ld+json\" class=\"yoast-schema-graph\">{\"@context\":\"https:\/\/schema.org\",\"@graph\":[{\"@type\":\"WebPage\",\"@id\":\"https:\/\/fatec.fr\/en\/custom-automation\/\",\"url\":\"https:\/\/fatec.fr\/en\/custom-automation\/\",\"name\":\"Customized automation\",\"isPartOf\":{\"@id\":\"https:\/\/fatec.fr\/en\/#website\"},\"datePublished\":\"2023-08-07T12:38:09+00:00\",\"dateModified\":\"2024-01-02T14:39:10+00:00\",\"description\":\"FATEC has established itself as THE reference in custom automation, from light design to the most technical industrial solutions.\",\"breadcrumb\":{\"@id\":\"https:\/\/fatec.fr\/en\/custom-automation\/#breadcrumb\"},\"inLanguage\":\"en-US\",\"potentialAction\":[{\"@type\":\"ReadAction\",\"target\":[\"https:\/\/fatec.fr\/en\/custom-automation\/\"]}]},{\"@type\":\"BreadcrumbList\",\"@id\":\"https:\/\/fatec.fr\/en\/custom-automation\/#breadcrumb\",\"itemListElement\":[{\"@type\":\"ListItem\",\"position\":1,\"name\":\"Accueil\",\"item\":\"https:\/\/fatec.fr\/en\/\"},{\"@type\":\"ListItem\",\"position\":2,\"name\":\"Custom automation\"}]},{\"@type\":\"WebSite\",\"@id\":\"https:\/\/fatec.fr\/en\/#website\",\"url\":\"https:\/\/fatec.fr\/en\/\",\"name\":\"FATEC : Expert en conception lumi\u00e8re\",\"description\":\"L&#039;expertise et la qualit\u00e9 fran\u00e7aise en conception lumi\u00e8re\",\"publisher\":{\"@id\":\"https:\/\/fatec.fr\/en\/#organization\"},\"alternateName\":\"FATEC\",\"potentialAction\":[{\"@type\":\"SearchAction\",\"target\":{\"@type\":\"EntryPoint\",\"urlTemplate\":\"https:\/\/fatec.fr\/en\/?s={search_term_string}\"},\"query-input\":{\"@type\":\"PropertyValueSpecification\",\"valueRequired\":true,\"valueName\":\"search_term_string\"}}],\"inLanguage\":\"en-US\"},{\"@type\":\"Organization\",\"@id\":\"https:\/\/fatec.fr\/en\/#organization\",\"name\":\"FATEC : Expert en conception lumi\u00e8re\",\"url\":\"https:\/\/fatec.fr\/en\/\",\"logo\":{\"@type\":\"ImageObject\",\"inLanguage\":\"en-US\",\"@id\":\"https:\/\/fatec.fr\/en\/#\/schema\/logo\/image\/\",\"url\":\"https:\/\/fatec.fr\/wp-content\/uploads\/2023\/08\/logo-header.svg\",\"contentUrl\":\"https:\/\/fatec.fr\/wp-content\/uploads\/2023\/08\/logo-header.svg\",\"width\":180,\"height\":39,\"caption\":\"FATEC : Expert en conception lumi\u00e8re\"},\"image\":{\"@id\":\"https:\/\/fatec.fr\/en\/#\/schema\/logo\/image\/\"},\"sameAs\":[\"https:\/\/www.linkedin.com\/in\/fayolle-daniel-2a547440\/\"]}]}<\/script>\n<!-- \/ Yoast SEO Premium plugin. -->","yoast_head_json":{"title":"Customized automation","description":"FATEC has established itself as THE reference in custom automation, from light design to the most technical industrial solutions.","robots":{"index":"index","follow":"follow","max-snippet":"max-snippet:-1","max-image-preview":"max-image-preview:large","max-video-preview":"max-video-preview:-1"},"canonical":"https:\/\/fatec.fr\/en\/custom-automation\/","og_locale":"en_US","og_type":"article","og_title":"Custom automation","og_description":"FATEC has established itself as THE reference in custom automation, from light design to the most technical industrial solutions.","og_url":"https:\/\/fatec.fr\/en\/custom-automation\/","og_site_name":"FATEC","article_modified_time":"2024-01-02T14:39:10+00:00","og_image":[{"width":1200,"height":675,"url":"https:\/\/fatec.fr\/wp-content\/uploads\/2023\/11\/logo.png","type":"image\/png"}],"twitter_card":"summary_large_image","twitter_misc":{"Est. reading time":"2 minutes"},"schema":{"@context":"https:\/\/schema.org","@graph":[{"@type":"WebPage","@id":"https:\/\/fatec.fr\/en\/custom-automation\/","url":"https:\/\/fatec.fr\/en\/custom-automation\/","name":"Customized automation","isPartOf":{"@id":"https:\/\/fatec.fr\/en\/#website"},"datePublished":"2023-08-07T12:38:09+00:00","dateModified":"2024-01-02T14:39:10+00:00","description":"FATEC has established itself as THE reference in custom automation, from light design to the most technical industrial solutions.","breadcrumb":{"@id":"https:\/\/fatec.fr\/en\/custom-automation\/#breadcrumb"},"inLanguage":"en-US","potentialAction":[{"@type":"ReadAction","target":["https:\/\/fatec.fr\/en\/custom-automation\/"]}]},{"@type":"BreadcrumbList","@id":"https:\/\/fatec.fr\/en\/custom-automation\/#breadcrumb","itemListElement":[{"@type":"ListItem","position":1,"name":"Accueil","item":"https:\/\/fatec.fr\/en\/"},{"@type":"ListItem","position":2,"name":"Custom automation"}]},{"@type":"WebSite","@id":"https:\/\/fatec.fr\/en\/#website","url":"https:\/\/fatec.fr\/en\/","name":"FATEC : Expert en conception lumi\u00e8re","description":"L&#039;expertise et la qualit\u00e9 fran\u00e7aise en conception lumi\u00e8re","publisher":{"@id":"https:\/\/fatec.fr\/en\/#organization"},"alternateName":"FATEC","potentialAction":[{"@type":"SearchAction","target":{"@type":"EntryPoint","urlTemplate":"https:\/\/fatec.fr\/en\/?s={search_term_string}"},"query-input":{"@type":"PropertyValueSpecification","valueRequired":true,"valueName":"search_term_string"}}],"inLanguage":"en-US"},{"@type":"Organization","@id":"https:\/\/fatec.fr\/en\/#organization","name":"FATEC : Expert en conception lumi\u00e8re","url":"https:\/\/fatec.fr\/en\/","logo":{"@type":"ImageObject","inLanguage":"en-US","@id":"https:\/\/fatec.fr\/en\/#\/schema\/logo\/image\/","url":"https:\/\/fatec.fr\/wp-content\/uploads\/2023\/08\/logo-header.svg","contentUrl":"https:\/\/fatec.fr\/wp-content\/uploads\/2023\/08\/logo-header.svg","width":180,"height":39,"caption":"FATEC : Expert en conception lumi\u00e8re"},"image":{"@id":"https:\/\/fatec.fr\/en\/#\/schema\/logo\/image\/"},"sameAs":["https:\/\/www.linkedin.com\/in\/fayolle-daniel-2a547440\/"]}]}},"_links":{"self":[{"href":"https:\/\/fatec.fr\/en\/wp-json\/wp\/v2\/pages\/1475","targetHints":{"allow":["GET"]}}],"collection":[{"href":"https:\/\/fatec.fr\/en\/wp-json\/wp\/v2\/pages"}],"about":[{"href":"https:\/\/fatec.fr\/en\/wp-json\/wp\/v2\/types\/page"}],"author":[{"embeddable":true,"href":"https:\/\/fatec.fr\/en\/wp-json\/wp\/v2\/users\/2"}],"replies":[{"embeddable":true,"href":"https:\/\/fatec.fr\/en\/wp-json\/wp\/v2\/comments?post=1475"}],"version-history":[{"count":22,"href":"https:\/\/fatec.fr\/en\/wp-json\/wp\/v2\/pages\/1475\/revisions"}],"predecessor-version":[{"id":2178,"href":"https:\/\/fatec.fr\/en\/wp-json\/wp\/v2\/pages\/1475\/revisions\/2178"}],"wp:attachment":[{"href":"https:\/\/fatec.fr\/en\/wp-json\/wp\/v2\/media?parent=1475"}],"curies":[{"name":"wp","href":"https:\/\/api.w.org\/{rel}","templated":true}]}}