{"id":1477,"date":"2023-08-07T14:40:51","date_gmt":"2023-08-07T12:40:51","guid":{"rendered":"https:\/\/fatec.pycofa.fr\/contact-us\/"},"modified":"2023-11-09T10:46:10","modified_gmt":"2023-11-09T09:46:10","slug":"contact-us","status":"publish","type":"page","link":"https:\/\/fatec.fr\/en\/contact-us\/","title":{"rendered":"Contact us"},"content":{"rendered":"\t\t<div data-elementor-type=\"wp-page\" data-elementor-id=\"1477\" class=\"elementor elementor-1477 elementor-90\" data-elementor-post-type=\"page\">\n\t\t\t\t<div class=\"elementor-element elementor-element-8ae5ef1 e-con-full e-flex e-con e-parent\" data-id=\"8ae5ef1\" data-element_type=\"container\">\n\t\t<div class=\"elementor-element elementor-element-2ef110c e-con-full e-flex e-con e-parent\" data-id=\"2ef110c\" data-element_type=\"container\" data-settings=\"{&quot;background_background&quot;:&quot;classic&quot;}\">\n\t\t<div class=\"elementor-element elementor-element-b0e344b e-con-full e-flex e-con e-parent\" data-id=\"b0e344b\" data-element_type=\"container\">\n\t\t\t\t<div class=\"elementor-element elementor-element-a59c1a7 elementor-widget elementor-widget-heading\" data-id=\"a59c1a7\" data-element_type=\"widget\" data-widget_type=\"heading.default\">\n\t\t\t\t<div class=\"elementor-widget-container\">\n\t\t\t\t\t<h1 class=\"elementor-heading-title elementor-size-default\">Contact us<\/h1>\t\t\t\t<\/div>\n\t\t\t\t<\/div>\n\t\t\t\t<\/div>\n\t\t\t\t<\/div>\n\t\t<div class=\"elementor-element elementor-element-e8ac6d2 e-flex e-con-boxed e-con e-parent\" data-id=\"e8ac6d2\" data-element_type=\"container\" data-settings=\"{&quot;background_background&quot;:&quot;classic&quot;}\">\n\t\t\t\t\t<div class=\"e-con-inner\">\n\t\t\t\t<div class=\"elementor-element elementor-element-999b376 elementor-widget elementor-widget-heading\" data-id=\"999b376\" data-element_type=\"widget\" data-widget_type=\"heading.default\">\n\t\t\t\t<div class=\"elementor-widget-container\">\n\t\t\t\t\t<h3 class=\"elementor-heading-title elementor-size-default\">Write us<\/h3>\t\t\t\t<\/div>\n\t\t\t\t<\/div>\n\t\t\t\t<div class=\"elementor-element elementor-element-08bc99d elementor-widget elementor-widget-text-editor\" data-id=\"08bc99d\" data-element_type=\"widget\" data-widget_type=\"text-editor.default\">\n\t\t\t\t<div class=\"elementor-widget-container\">\n\t\t\t\t\t\t\t\t\t<p>Please fill in this contact form if you have any questions. We&#8217;ll be happy to answer any questions you may have. You can also tell us about a project you&#8217;d like to work on with us.<\/p>\n\t\t\t\t\t\t\t\t<\/div>\n\t\t\t\t<\/div>\n\t\t\t\t\t<\/div>\n\t\t\t\t<\/div>\n\t\t<div class=\"elementor-element elementor-element-c2e053d e-con-full e-flex e-con e-parent\" data-id=\"c2e053d\" data-element_type=\"container\">\n\t\t<div class=\"elementor-element elementor-element-c3ae1d1 e-flex e-con-boxed e-con e-parent\" data-id=\"c3ae1d1\" data-element_type=\"container\">\n\t\t\t\t\t<div class=\"e-con-inner\">\n\t\t\t\t<div class=\"elementor-element elementor-element-14a82df elementor-button-align-end elementor-widget elementor-widget-form\" data-id=\"14a82df\" data-element_type=\"widget\" data-settings=\"{&quot;step_next_label&quot;:&quot;Next&quot;,&quot;step_previous_label&quot;:&quot;Previous&quot;,&quot;button_width&quot;:&quot;100&quot;,&quot;step_type&quot;:&quot;number_text&quot;,&quot;step_icon_shape&quot;:&quot;circle&quot;}\" data-widget_type=\"form.default\">\n\t\t\t\t<div class=\"elementor-widget-container\">\n\t\t\t\t\t\t\t<form class=\"elementor-form\" method=\"post\" id=\"contact_form\" name=\"Contact form\" novalidate=\"\">\n\t\t\t<input type=\"hidden\" name=\"post_id\" value=\"1477\"\/>\n\t\t\t<input type=\"hidden\" name=\"form_id\" value=\"14a82df\"\/>\n\t\t\t<input type=\"hidden\" name=\"referer_title\" value=\"FATEC\" \/>\n\n\t\t\t\n\t\t\t<div class=\"elementor-form-fields-wrapper elementor-labels-above\">\n\t\t\t\t\t\t\t\t<div class=\"elementor-field-type-text elementor-field-group elementor-column elementor-field-group-name elementor-col-50 elementor-field-required\">\n\t\t\t\t\t\t\t\t\t\t\t\t\t<input size=\"1\" type=\"text\" name=\"form_fields[name]\" id=\"form-field-name\" class=\"elementor-field elementor-size-sm  elementor-field-textual\" placeholder=\"SURNAME\" required=\"required\" aria-required=\"true\">\n\t\t\t\t\t\t\t\t\t\t\t<\/div>\n\t\t\t\t\t\t\t\t<div class=\"elementor-field-type-text elementor-field-group elementor-column elementor-field-group-field_fb5ca67 elementor-col-50 elementor-field-required\">\n\t\t\t\t\t\t\t\t\t\t\t\t\t<input size=\"1\" type=\"text\" name=\"form_fields[field_fb5ca67]\" id=\"form-field-field_fb5ca67\" class=\"elementor-field elementor-size-sm  elementor-field-textual\" placeholder=\"First name\" required=\"required\" aria-required=\"true\">\n\t\t\t\t\t\t\t\t\t\t\t<\/div>\n\t\t\t\t\t\t\t\t<div class=\"elementor-field-type-text elementor-field-group elementor-column elementor-field-group-field_cfde0cd elementor-col-100\">\n\t\t\t\t\t\t\t\t\t\t\t\t\t<input size=\"1\" type=\"text\" name=\"form_fields[field_cfde0cd]\" id=\"form-field-field_cfde0cd\" class=\"elementor-field elementor-size-sm  elementor-field-textual\" placeholder=\"Company name (optional)\">\n\t\t\t\t\t\t\t\t\t\t\t<\/div>\n\t\t\t\t\t\t\t\t<div class=\"elementor-field-type-email elementor-field-group elementor-column elementor-field-group-email elementor-col-100 elementor-field-required\">\n\t\t\t\t\t\t\t\t\t\t\t\t\t<input size=\"1\" type=\"email\" name=\"form_fields[email]\" id=\"form-field-email\" class=\"elementor-field elementor-size-sm  elementor-field-textual\" placeholder=\"E-mail\" required=\"required\" aria-required=\"true\">\n\t\t\t\t\t\t\t\t\t\t\t<\/div>\n\t\t\t\t\t\t\t\t<div class=\"elementor-field-type-textarea elementor-field-group elementor-column elementor-field-group-message elementor-col-100 elementor-field-required\">\n\t\t\t\t\t<textarea class=\"elementor-field-textual elementor-field  elementor-size-sm\" name=\"form_fields[message]\" id=\"form-field-message\" rows=\"3\" placeholder=\"Message\" required=\"required\" aria-required=\"true\"><\/textarea>\t\t\t\t<\/div>\n\t\t\t\t\t\t\t\t<div class=\"elementor-field-type-acceptance elementor-field-group elementor-column elementor-field-group-field_2335253 elementor-col-100\">\n\t\t\t\t\t\t\t<div class=\"elementor-field-subgroup\">\n\t\t\t<span class=\"elementor-field-option\">\n\t\t\t\t<input type=\"checkbox\" name=\"form_fields[field_2335253]\" id=\"form-field-field_2335253\" class=\"elementor-field elementor-size-sm  elementor-acceptance-field\">\n\t\t\t\t<label for=\"form-field-field_2335253\">By checking this box, I agree that the information entered may be used to contact me regarding my request indicated in the form. This information will not be used for any other purpose.<\/label>\t\t\t<\/span>\n\t\t<\/div>\n\t\t\t\t\t\t<\/div>\n\t\t\t\t\t\t\t\t<div class=\"elementor-field-type-text\">\n\t\t\t\t\t<input size=\"1\" type=\"text\" name=\"form_fields[field_8aebe70]\" id=\"form-field-field_8aebe70\" class=\"elementor-field elementor-size-sm \" style=\"display:none !important;\">\t\t\t\t<\/div>\n\t\t\t\t\t\t\t\t<div class=\"elementor-field-type-recaptcha_v3 elementor-field-group elementor-column elementor-field-group-field_96dee27 elementor-col-100 recaptcha_v3-inline\">\n\t\t\t\t\t<div class=\"elementor-field\" id=\"form-field-field_96dee27\"><div class=\"elementor-g-recaptcha\" data-sitekey=\"6LcZj44nAAAAAOMUuzQKHKFGj2Se19xevq_2oPHm\" data-type=\"v3\" data-action=\"Form\" data-badge=\"inline\" data-size=\"invisible\"><\/div><\/div>\t\t\t\t<\/div>\n\t\t\t\t\t\t\t\t<div class=\"elementor-field-group elementor-column elementor-field-type-submit elementor-col-100 e-form__buttons\">\n\t\t\t\t\t<button class=\"elementor-button elementor-size-sm\" type=\"submit\">\n\t\t\t\t\t\t<span class=\"elementor-button-content-wrapper\">\n\t\t\t\t\t\t\t\t\t\t\t\t\t\t\t\t\t\t\t\t\t\t<span class=\"elementor-button-text\">Send form<\/span>\n\t\t\t\t\t\t\t\t\t\t\t\t\t<\/span>\n\t\t\t\t\t<\/button>\n\t\t\t\t<\/div>\n\t\t\t<\/div>\n\t\t<\/form>\n\t\t\t\t\t\t<\/div>\n\t\t\t\t<\/div>\n\t\t\t\t\t<\/div>\n\t\t\t\t<\/div>\n\t\t<div class=\"elementor-element elementor-element-da88952 e-flex e-con-boxed e-con e-parent\" data-id=\"da88952\" data-element_type=\"container\">\n\t\t\t\t\t<div class=\"e-con-inner\">\n\t\t\t\t<div class=\"elementor-element elementor-element-bb18732 elementor-widget elementor-widget-google_maps\" data-id=\"bb18732\" data-element_type=\"widget\" data-widget_type=\"google_maps.default\">\n\t\t\t\t<div class=\"elementor-widget-container\">\n\t\t\t\t\t\t\t<div class=\"elementor-custom-embed\">\n\t\t\t<iframe loading=\"lazy\"\n\t\t\t\t\tsrc=\"https:\/\/maps.google.com\/maps?q=9%20All%C3%A9e%20du%20Parc%20Georges%20Pompidou%2038100%20Grenoble&#038;t=m&#038;z=10&#038;output=embed&#038;iwloc=near\"\n\t\t\t\t\ttitle=\"9 All\u00e9e du Parc Georges Pompidou 38100 Grenoble\"\n\t\t\t\t\taria-label=\"9 All\u00e9e du Parc Georges Pompidou 38100 Grenoble\"\n\t\t\t><\/iframe>\n\t\t<\/div>\n\t\t\t\t\t\t<\/div>\n\t\t\t\t<\/div>\n\t\t\t\t\t<\/div>\n\t\t\t\t<\/div>\n\t\t\t\t<\/div>\n\t\t<div class=\"elementor-element elementor-element-1f01ab6 icon-checker e-flex e-con-boxed e-con e-parent\" data-id=\"1f01ab6\" data-element_type=\"container\" data-settings=\"{&quot;background_background&quot;:&quot;classic&quot;}\">\n\t\t\t\t\t<div class=\"e-con-inner\">\n\t\t<div class=\"elementor-element elementor-element-e1e9efc e-flex e-con-boxed e-con e-parent\" data-id=\"e1e9efc\" data-element_type=\"container\">\n\t\t\t\t\t<div class=\"e-con-inner\">\n\t\t<div class=\"elementor-element elementor-element-ebf6882 e-flex e-con-boxed e-con e-parent\" data-id=\"ebf6882\" data-element_type=\"container\">\n\t\t\t\t\t<div class=\"e-con-inner\">\n\t\t\t\t<div class=\"elementor-element elementor-element-3e47fc6 elementor-view-default elementor-widget elementor-widget-icon\" data-id=\"3e47fc6\" data-element_type=\"widget\" data-widget_type=\"icon.default\">\n\t\t\t\t<div class=\"elementor-widget-container\">\n\t\t\t\t\t\t\t<div class=\"elementor-icon-wrapper\">\n\t\t\t<div class=\"elementor-icon\">\n\t\t\t<svg xmlns=\"http:\/\/www.w3.org\/2000\/svg\" width=\"32\" height=\"32\" viewBox=\"0 0 32 32\"><defs><style>.a{fill:#030e30;}<\/style><\/defs><path class=\"a\" d=\"M16.084,0a16,16,0,1,0,16,16A16,16,0,0,0,16.084,0ZM23.5,11.574,15.832,23.288s-.006,0-.006.006a1.458,1.458,0,0,1-.112.184,1.437,1.437,0,0,1-.24.174c-.02.014-.04.03-.062.044a1.3,1.3,0,0,1-.392.164c-.046.012-.088.024-.136.032a1.35,1.35,0,0,1-.336,0,1.324,1.324,0,0,1-.234-.036,1.415,1.415,0,0,1-.23-.092,1.6,1.6,0,0,1-.192-.076.884.884,0,0,1-.106-.106c-.016-.014-.036-.018-.052-.032L9.272,19.428a1.4,1.4,0,1,1,1.9-2.056L14.4,20.36l6.75-10.318A1.4,1.4,0,0,1,23.5,11.574Z\" transform=\"translate(-0.084)\"><\/path><\/svg>\t\t\t<\/div>\n\t\t<\/div>\n\t\t\t\t\t\t<\/div>\n\t\t\t\t<\/div>\n\t\t\t\t<div class=\"elementor-element elementor-element-52d4e90 elementor-widget elementor-widget-text-editor\" data-id=\"52d4e90\" data-element_type=\"widget\" data-widget_type=\"text-editor.default\">\n\t\t\t\t<div class=\"elementor-widget-container\">\n\t\t\t\t\t\t\t\t\t<p>Qualit\u00e9 fran\u00e7aise<\/p>\n\t\t\t\t\t\t\t\t<\/div>\n\t\t\t\t<\/div>\n\t\t\t\t\t<\/div>\n\t\t\t\t<\/div>\n\t\t<div class=\"elementor-element elementor-element-9d9e59e e-flex e-con-boxed e-con e-parent\" data-id=\"9d9e59e\" data-element_type=\"container\">\n\t\t\t\t\t<div class=\"e-con-inner\">\n\t\t\t\t<div class=\"elementor-element elementor-element-9cac4aa elementor-view-default elementor-widget elementor-widget-icon\" data-id=\"9cac4aa\" data-element_type=\"widget\" data-widget_type=\"icon.default\">\n\t\t\t\t<div class=\"elementor-widget-container\">\n\t\t\t\t\t\t\t<div class=\"elementor-icon-wrapper\">\n\t\t\t<div class=\"elementor-icon\">\n\t\t\t<svg xmlns=\"http:\/\/www.w3.org\/2000\/svg\" width=\"32\" height=\"32\" viewBox=\"0 0 32 32\"><defs><style>.a{fill:#030e30;}<\/style><\/defs><path class=\"a\" d=\"M16.084,0a16,16,0,1,0,16,16A16,16,0,0,0,16.084,0ZM23.5,11.574,15.832,23.288s-.006,0-.006.006a1.458,1.458,0,0,1-.112.184,1.437,1.437,0,0,1-.24.174c-.02.014-.04.03-.062.044a1.3,1.3,0,0,1-.392.164c-.046.012-.088.024-.136.032a1.35,1.35,0,0,1-.336,0,1.324,1.324,0,0,1-.234-.036,1.415,1.415,0,0,1-.23-.092,1.6,1.6,0,0,1-.192-.076.884.884,0,0,1-.106-.106c-.016-.014-.036-.018-.052-.032L9.272,19.428a1.4,1.4,0,1,1,1.9-2.056L14.4,20.36l6.75-10.318A1.4,1.4,0,0,1,23.5,11.574Z\" transform=\"translate(-0.084)\"><\/path><\/svg>\t\t\t<\/div>\n\t\t<\/div>\n\t\t\t\t\t\t<\/div>\n\t\t\t\t<\/div>\n\t\t\t\t<div class=\"elementor-element elementor-element-a03a034 elementor-widget elementor-widget-text-editor\" data-id=\"a03a034\" data-element_type=\"widget\" data-widget_type=\"text-editor.default\">\n\t\t\t\t<div class=\"elementor-widget-container\">\n\t\t\t\t\t\t\t\t\t<p>Fiabilit\u00e9<\/p>\n\t\t\t\t\t\t\t\t<\/div>\n\t\t\t\t<\/div>\n\t\t\t\t\t<\/div>\n\t\t\t\t<\/div>\n\t\t\t\t\t<\/div>\n\t\t\t\t<\/div>\n\t\t<div class=\"elementor-element elementor-element-acbafb2 e-flex e-con-boxed e-con e-parent\" data-id=\"acbafb2\" data-element_type=\"container\">\n\t\t\t\t\t<div class=\"e-con-inner\">\n\t\t<div class=\"elementor-element elementor-element-96b35f3 e-flex e-con-boxed e-con e-parent\" data-id=\"96b35f3\" data-element_type=\"container\">\n\t\t\t\t\t<div class=\"e-con-inner\">\n\t\t\t\t<div class=\"elementor-element elementor-element-37cd521 elementor-view-default elementor-widget elementor-widget-icon\" data-id=\"37cd521\" data-element_type=\"widget\" data-widget_type=\"icon.default\">\n\t\t\t\t<div class=\"elementor-widget-container\">\n\t\t\t\t\t\t\t<div class=\"elementor-icon-wrapper\">\n\t\t\t<div class=\"elementor-icon\">\n\t\t\t<svg xmlns=\"http:\/\/www.w3.org\/2000\/svg\" width=\"32\" height=\"32\" viewBox=\"0 0 32 32\"><defs><style>.a{fill:#030e30;}<\/style><\/defs><path class=\"a\" d=\"M16.084,0a16,16,0,1,0,16,16A16,16,0,0,0,16.084,0ZM23.5,11.574,15.832,23.288s-.006,0-.006.006a1.458,1.458,0,0,1-.112.184,1.437,1.437,0,0,1-.24.174c-.02.014-.04.03-.062.044a1.3,1.3,0,0,1-.392.164c-.046.012-.088.024-.136.032a1.35,1.35,0,0,1-.336,0,1.324,1.324,0,0,1-.234-.036,1.415,1.415,0,0,1-.23-.092,1.6,1.6,0,0,1-.192-.076.884.884,0,0,1-.106-.106c-.016-.014-.036-.018-.052-.032L9.272,19.428a1.4,1.4,0,1,1,1.9-2.056L14.4,20.36l6.75-10.318A1.4,1.4,0,0,1,23.5,11.574Z\" transform=\"translate(-0.084)\"><\/path><\/svg>\t\t\t<\/div>\n\t\t<\/div>\n\t\t\t\t\t\t<\/div>\n\t\t\t\t<\/div>\n\t\t\t\t<div class=\"elementor-element elementor-element-e1e29a8 elementor-widget elementor-widget-text-editor\" data-id=\"e1e29a8\" data-element_type=\"widget\" data-widget_type=\"text-editor.default\">\n\t\t\t\t<div class=\"elementor-widget-container\">\n\t\t\t\t\t\t\t\t\t<p>Innovation<\/p>\n\t\t\t\t\t\t\t\t<\/div>\n\t\t\t\t<\/div>\n\t\t\t\t\t<\/div>\n\t\t\t\t<\/div>\n\t\t<div class=\"elementor-element elementor-element-1ef2b19 e-flex e-con-boxed e-con e-parent\" data-id=\"1ef2b19\" data-element_type=\"container\">\n\t\t\t\t\t<div class=\"e-con-inner\">\n\t\t\t\t<div class=\"elementor-element elementor-element-d77cb05 elementor-view-default elementor-widget elementor-widget-icon\" data-id=\"d77cb05\" data-element_type=\"widget\" data-widget_type=\"icon.default\">\n\t\t\t\t<div class=\"elementor-widget-container\">\n\t\t\t\t\t\t\t<div class=\"elementor-icon-wrapper\">\n\t\t\t<div class=\"elementor-icon\">\n\t\t\t<svg xmlns=\"http:\/\/www.w3.org\/2000\/svg\" width=\"32\" height=\"32\" viewBox=\"0 0 32 32\"><defs><style>.a{fill:#030e30;}<\/style><\/defs><path class=\"a\" d=\"M16.084,0a16,16,0,1,0,16,16A16,16,0,0,0,16.084,0ZM23.5,11.574,15.832,23.288s-.006,0-.006.006a1.458,1.458,0,0,1-.112.184,1.437,1.437,0,0,1-.24.174c-.02.014-.04.03-.062.044a1.3,1.3,0,0,1-.392.164c-.046.012-.088.024-.136.032a1.35,1.35,0,0,1-.336,0,1.324,1.324,0,0,1-.234-.036,1.415,1.415,0,0,1-.23-.092,1.6,1.6,0,0,1-.192-.076.884.884,0,0,1-.106-.106c-.016-.014-.036-.018-.052-.032L9.272,19.428a1.4,1.4,0,1,1,1.9-2.056L14.4,20.36l6.75-10.318A1.4,1.4,0,0,1,23.5,11.574Z\" transform=\"translate(-0.084)\"><\/path><\/svg>\t\t\t<\/div>\n\t\t<\/div>\n\t\t\t\t\t\t<\/div>\n\t\t\t\t<\/div>\n\t\t\t\t<div class=\"elementor-element elementor-element-5138093 elementor-widget elementor-widget-text-editor\" data-id=\"5138093\" data-element_type=\"widget\" data-widget_type=\"text-editor.default\">\n\t\t\t\t<div class=\"elementor-widget-container\">\n\t\t\t\t\t\t\t\t\t<p>Expertise<\/p>\n\t\t\t\t\t\t\t\t<\/div>\n\t\t\t\t<\/div>\n\t\t\t\t\t<\/div>\n\t\t\t\t<\/div>\n\t\t\t\t\t<\/div>\n\t\t\t\t<\/div>\n\t\t\t\t\t<\/div>\n\t\t\t\t<\/div>\n\t\t\t\t<\/div>\n\t\t\t\t<\/div>\n\t\t","protected":false},"excerpt":{"rendered":"<p>Contact us Write us Please fill in this contact form if you have any questions. We&#8217;ll be happy to answer any questions you may have. You can also tell us about a project you&#8217;d like to work on with us. Qualit\u00e9 fran\u00e7aise Fiabilit\u00e9 Innovation Expertise<\/p>\n","protected":false},"author":2,"featured_media":0,"parent":0,"menu_order":0,"comment_status":"closed","ping_status":"closed","template":"","meta":{"_acf_changed":false,"footnotes":""},"class_list":["post-1477","page","type-page","status-publish","hentry"],"acf":[],"yoast_head":"<!-- This site is optimized with the Yoast SEO Premium plugin v24.0 (Yoast SEO v24.1) - https:\/\/yoast.com\/wordpress\/plugins\/seo\/ -->\n<title>Contact us | FATEC<\/title>\n<meta name=\"description\" content=\"FATEC is at your service for all your projects, from light design to customized automation.\" \/>\n<meta name=\"robots\" content=\"index, follow, max-snippet:-1, max-image-preview:large, max-video-preview:-1\" \/>\n<link rel=\"canonical\" href=\"https:\/\/fatec.fr\/en\/contact-us\/\" \/>\n<meta property=\"og:locale\" content=\"en_US\" \/>\n<meta property=\"og:type\" content=\"article\" \/>\n<meta property=\"og:title\" content=\"Contact us\" \/>\n<meta property=\"og:description\" content=\"FATEC is at your service for all your projects, from light design to customized automation.\" \/>\n<meta property=\"og:url\" content=\"https:\/\/fatec.fr\/en\/contact-us\/\" \/>\n<meta property=\"og:site_name\" content=\"FATEC\" \/>\n<meta property=\"article:modified_time\" content=\"2023-11-09T09:46:10+00:00\" \/>\n<meta property=\"og:image\" content=\"https:\/\/fatec.fr\/wp-content\/uploads\/2023\/11\/logo.png\" \/>\n\t<meta property=\"og:image:width\" content=\"1200\" \/>\n\t<meta property=\"og:image:height\" content=\"675\" \/>\n\t<meta property=\"og:image:type\" content=\"image\/png\" \/>\n<meta name=\"twitter:card\" content=\"summary_large_image\" \/>\n<script type=\"application\/ld+json\" class=\"yoast-schema-graph\">{\"@context\":\"https:\/\/schema.org\",\"@graph\":[{\"@type\":\"WebPage\",\"@id\":\"https:\/\/fatec.fr\/en\/contact-us\/\",\"url\":\"https:\/\/fatec.fr\/en\/contact-us\/\",\"name\":\"Contact us | FATEC\",\"isPartOf\":{\"@id\":\"https:\/\/fatec.fr\/en\/#website\"},\"datePublished\":\"2023-08-07T12:40:51+00:00\",\"dateModified\":\"2023-11-09T09:46:10+00:00\",\"description\":\"FATEC is at your service for all your projects, from light design to customized automation.\",\"breadcrumb\":{\"@id\":\"https:\/\/fatec.fr\/en\/contact-us\/#breadcrumb\"},\"inLanguage\":\"en-US\",\"potentialAction\":[{\"@type\":\"ReadAction\",\"target\":[\"https:\/\/fatec.fr\/en\/contact-us\/\"]}]},{\"@type\":\"BreadcrumbList\",\"@id\":\"https:\/\/fatec.fr\/en\/contact-us\/#breadcrumb\",\"itemListElement\":[{\"@type\":\"ListItem\",\"position\":1,\"name\":\"Accueil\",\"item\":\"https:\/\/fatec.fr\/en\/\"},{\"@type\":\"ListItem\",\"position\":2,\"name\":\"Contact us\"}]},{\"@type\":\"WebSite\",\"@id\":\"https:\/\/fatec.fr\/en\/#website\",\"url\":\"https:\/\/fatec.fr\/en\/\",\"name\":\"FATEC : Expert en conception lumi\u00e8re\",\"description\":\"L&#039;expertise et la qualit\u00e9 fran\u00e7aise en conception lumi\u00e8re\",\"publisher\":{\"@id\":\"https:\/\/fatec.fr\/en\/#organization\"},\"alternateName\":\"FATEC\",\"potentialAction\":[{\"@type\":\"SearchAction\",\"target\":{\"@type\":\"EntryPoint\",\"urlTemplate\":\"https:\/\/fatec.fr\/en\/?s={search_term_string}\"},\"query-input\":{\"@type\":\"PropertyValueSpecification\",\"valueRequired\":true,\"valueName\":\"search_term_string\"}}],\"inLanguage\":\"en-US\"},{\"@type\":\"Organization\",\"@id\":\"https:\/\/fatec.fr\/en\/#organization\",\"name\":\"FATEC : Expert en conception lumi\u00e8re\",\"url\":\"https:\/\/fatec.fr\/en\/\",\"logo\":{\"@type\":\"ImageObject\",\"inLanguage\":\"en-US\",\"@id\":\"https:\/\/fatec.fr\/en\/#\/schema\/logo\/image\/\",\"url\":\"https:\/\/fatec.fr\/wp-content\/uploads\/2023\/08\/logo-header.svg\",\"contentUrl\":\"https:\/\/fatec.fr\/wp-content\/uploads\/2023\/08\/logo-header.svg\",\"width\":180,\"height\":39,\"caption\":\"FATEC : Expert en conception lumi\u00e8re\"},\"image\":{\"@id\":\"https:\/\/fatec.fr\/en\/#\/schema\/logo\/image\/\"},\"sameAs\":[\"https:\/\/www.linkedin.com\/in\/fayolle-daniel-2a547440\/\"]}]}<\/script>\n<!-- \/ Yoast SEO Premium plugin. -->","yoast_head_json":{"title":"Contact us | FATEC","description":"FATEC is at your service for all your projects, from light design to customized automation.","robots":{"index":"index","follow":"follow","max-snippet":"max-snippet:-1","max-image-preview":"max-image-preview:large","max-video-preview":"max-video-preview:-1"},"canonical":"https:\/\/fatec.fr\/en\/contact-us\/","og_locale":"en_US","og_type":"article","og_title":"Contact us","og_description":"FATEC is at your service for all your projects, from light design to customized automation.","og_url":"https:\/\/fatec.fr\/en\/contact-us\/","og_site_name":"FATEC","article_modified_time":"2023-11-09T09:46:10+00:00","og_image":[{"width":1200,"height":675,"url":"https:\/\/fatec.fr\/wp-content\/uploads\/2023\/11\/logo.png","type":"image\/png"}],"twitter_card":"summary_large_image","schema":{"@context":"https:\/\/schema.org","@graph":[{"@type":"WebPage","@id":"https:\/\/fatec.fr\/en\/contact-us\/","url":"https:\/\/fatec.fr\/en\/contact-us\/","name":"Contact us | FATEC","isPartOf":{"@id":"https:\/\/fatec.fr\/en\/#website"},"datePublished":"2023-08-07T12:40:51+00:00","dateModified":"2023-11-09T09:46:10+00:00","description":"FATEC is at your service for all your projects, from light design to customized automation.","breadcrumb":{"@id":"https:\/\/fatec.fr\/en\/contact-us\/#breadcrumb"},"inLanguage":"en-US","potentialAction":[{"@type":"ReadAction","target":["https:\/\/fatec.fr\/en\/contact-us\/"]}]},{"@type":"BreadcrumbList","@id":"https:\/\/fatec.fr\/en\/contact-us\/#breadcrumb","itemListElement":[{"@type":"ListItem","position":1,"name":"Accueil","item":"https:\/\/fatec.fr\/en\/"},{"@type":"ListItem","position":2,"name":"Contact us"}]},{"@type":"WebSite","@id":"https:\/\/fatec.fr\/en\/#website","url":"https:\/\/fatec.fr\/en\/","name":"FATEC : Expert en conception lumi\u00e8re","description":"L&#039;expertise et la qualit\u00e9 fran\u00e7aise en conception lumi\u00e8re","publisher":{"@id":"https:\/\/fatec.fr\/en\/#organization"},"alternateName":"FATEC","potentialAction":[{"@type":"SearchAction","target":{"@type":"EntryPoint","urlTemplate":"https:\/\/fatec.fr\/en\/?s={search_term_string}"},"query-input":{"@type":"PropertyValueSpecification","valueRequired":true,"valueName":"search_term_string"}}],"inLanguage":"en-US"},{"@type":"Organization","@id":"https:\/\/fatec.fr\/en\/#organization","name":"FATEC : Expert en conception lumi\u00e8re","url":"https:\/\/fatec.fr\/en\/","logo":{"@type":"ImageObject","inLanguage":"en-US","@id":"https:\/\/fatec.fr\/en\/#\/schema\/logo\/image\/","url":"https:\/\/fatec.fr\/wp-content\/uploads\/2023\/08\/logo-header.svg","contentUrl":"https:\/\/fatec.fr\/wp-content\/uploads\/2023\/08\/logo-header.svg","width":180,"height":39,"caption":"FATEC : Expert en conception lumi\u00e8re"},"image":{"@id":"https:\/\/fatec.fr\/en\/#\/schema\/logo\/image\/"},"sameAs":["https:\/\/www.linkedin.com\/in\/fayolle-daniel-2a547440\/"]}]}},"_links":{"self":[{"href":"https:\/\/fatec.fr\/en\/wp-json\/wp\/v2\/pages\/1477","targetHints":{"allow":["GET"]}}],"collection":[{"href":"https:\/\/fatec.fr\/en\/wp-json\/wp\/v2\/pages"}],"about":[{"href":"https:\/\/fatec.fr\/en\/wp-json\/wp\/v2\/types\/page"}],"author":[{"embeddable":true,"href":"https:\/\/fatec.fr\/en\/wp-json\/wp\/v2\/users\/2"}],"replies":[{"embeddable":true,"href":"https:\/\/fatec.fr\/en\/wp-json\/wp\/v2\/comments?post=1477"}],"version-history":[{"count":11,"href":"https:\/\/fatec.fr\/en\/wp-json\/wp\/v2\/pages\/1477\/revisions"}],"predecessor-version":[{"id":2122,"href":"https:\/\/fatec.fr\/en\/wp-json\/wp\/v2\/pages\/1477\/revisions\/2122"}],"wp:attachment":[{"href":"https:\/\/fatec.fr\/en\/wp-json\/wp\/v2\/media?parent=1477"}],"curies":[{"name":"wp","href":"https:\/\/api.w.org\/{rel}","templated":true}]}}